{"id":7913,"date":"2026-01-29T03:49:22","date_gmt":"2026-01-29T03:49:22","guid":{"rendered":"https:\/\/saigoncosmetics.henrydaiit.com\/?page_id=7913"},"modified":"2026-02-14T16:39:33","modified_gmt":"2026-02-14T16:39:33","slug":"miss-vietnam-story","status":"publish","type":"page","link":"https:\/\/saigoncosmetics.henrydaiit.com\/vi\/miss-vietnam-story\/","title":{"rendered":"Miss Vietnam Story"},"content":{"rendered":"<div data-elementor-type=\"wp-page\" data-elementor-id=\"7913\" class=\"elementor elementor-7913\">\n\t\t\t\t<div class=\"elementor-element elementor-element-2ae9ed2 e-con-full e-flex e-con e-parent\" data-id=\"2ae9ed2\" data-element_type=\"container\" data-e-type=\"container\">\n\t\t\t\t<div class=\"elementor-element elementor-element-12d3dac elementor-widget elementor-widget-seraphina_core_image_gallery\" data-id=\"12d3dac\" data-element_type=\"widget\" data-e-type=\"widget\" data-widget_type=\"seraphina_core_image_gallery.default\">\n\t\t\t\t<div class=\"elementor-widget-container\">\n\t\t\t\t\t<div class=\"qodef-shortcode qodef-m products-top-image qodef-image-gallery qodef-hover--zoom qodef-grid qodef-layout--columns qodef-col-num--1 qodef-responsive--predefined qodef-swiper--show-pagination\" >\n\t<div class=\"qodef-grid-inner\">\n\t\t<div class=\"qodef-e qodef-image-wrapper qodef-grid-item\">\n\t<div class=\"qodef-m-inner\">\n\t\t\t<img fetchpriority=\"high\" decoding=\"async\" width=\"1920\" height=\"630\" src=\"https:\/\/saigoncosmetics.henrydaiit.com\/wp-content\/uploads\/2026\/01\/miss-vietnam-story-banner-1.jpg\" class=\"attachment-full size-full\" alt=\"\" srcset=\"https:\/\/saigoncosmetics.henrydaiit.com\/wp-content\/uploads\/2026\/01\/miss-vietnam-story-banner-1.jpg 1920w, https:\/\/saigoncosmetics.henrydaiit.com\/wp-content\/uploads\/2026\/01\/miss-vietnam-story-banner-1-300x98.jpg 300w, https:\/\/saigoncosmetics.henrydaiit.com\/wp-content\/uploads\/2026\/01\/miss-vietnam-story-banner-1-1024x336.jpg 1024w, https:\/\/saigoncosmetics.henrydaiit.com\/wp-content\/uploads\/2026\/01\/miss-vietnam-story-banner-1-768x252.jpg 768w, https:\/\/saigoncosmetics.henrydaiit.com\/wp-content\/uploads\/2026\/01\/miss-vietnam-story-banner-1-1536x504.jpg 1536w, https:\/\/saigoncosmetics.henrydaiit.com\/wp-content\/uploads\/2026\/01\/miss-vietnam-story-banner-1-600x197.jpg 600w\" sizes=\"(max-width: 1920px) 100vw, 1920px\" \/>\t\t<\/div>\n<\/div>\n\t<\/div>\n<\/div>\n\t\t\t\t<\/div>\n\t\t\t\t<\/div>\n\t\t\t\t<\/div>\n\t\t<div class=\"elementor-element elementor-element-5b6fb7d e-con-full miss-vietnam-story-title-container e-flex e-con e-parent\" data-id=\"5b6fb7d\" data-element_type=\"container\" data-e-type=\"container\">\n\t\t\t\t<div class=\"elementor-element elementor-element-95d1cee elementor-widget elementor-widget-seraphina_core_section_title\" data-id=\"95d1cee\" data-element_type=\"widget\" data-e-type=\"widget\" data-widget_type=\"seraphina_core_section_title.default\">\n\t\t\t\t<div class=\"elementor-widget-container\">\n\t\t\t\t\t<div class=\"qodef-shortcode qodef-m miss-vietnam-story-title qodef-section-title qodef-alignment--center\">\n\t\t\t<h5 class=\"qodef-m-title\" >\n\t\t\t\t\tTHE STORY OF MISS VIETNAM\t\t\t<\/h5>\n\t<\/div>\n\t\t\t\t<\/div>\n\t\t\t\t<\/div>\n\t\t\t\t<\/div>\n\t\t<div class=\"elementor-element elementor-element-7cc31b7 e-con-full e-flex e-con e-parent\" data-id=\"7cc31b7\" data-element_type=\"container\" data-e-type=\"container\">\n\t\t<div class=\"elementor-element elementor-element-d9c5d51 e-con-full e-flex e-con e-child\" data-id=\"d9c5d51\" data-element_type=\"container\" data-e-type=\"container\">\n\t\t\t\t<div class=\"elementor-element elementor-element-9fcee7c elementor-widget elementor-widget-qi_addons_for_elementor_highlight\" data-id=\"9fcee7c\" data-element_type=\"widget\" data-e-type=\"widget\" data-widget_type=\"qi_addons_for_elementor_highlight.default\">\n\t\t\t\t<div class=\"elementor-widget-container\">\n\t\t\t\t\t<p class=\"qodef-shortcode qodef-m qodef-qi-highlight qodef-highlight-style--color\" >\n\tMiss Vietnam \u2013 Linh h\u1ed3n c\u1ee7a m\u1ed9t d\u00e2n t\u1ed9c trong m\u00f9i h\u01b0\u01a1ng\n<\/p>\n\t\t\t\t<\/div>\n\t\t\t\t<\/div>\n\t\t\t\t<div class=\"elementor-element elementor-element-cae2b86 elementor-widget elementor-widget-qi_addons_for_elementor_highlight\" data-id=\"cae2b86\" data-element_type=\"widget\" data-e-type=\"widget\" data-widget_type=\"qi_addons_for_elementor_highlight.default\">\n\t\t\t\t<div class=\"elementor-widget-container\">\n\t\t\t\t\t<p class=\"qodef-shortcode qodef-m qodef-qi-highlight qodef-highlight-style--color\" >\n\tMiss Vietnam l\u00e0 m\u00f9i h\u01b0\u01a1ng \u0111\u01b0\u1ee3c l\u1ea5y c\u1ea3m h\u1ee9ng t\u1eeb tinh th\u1ea7n c\u1ee7a ng\u01b0\u1eddi ph\u1ee5 n\u1eef Vi\u1ec7t Nam tr\u00ean kh\u1eafp ba mi\u1ec1n B\u1eafc \u2013 Trung \u2013 Nam \u2014 n\u01a1i v\u0103n ho\u00e1, c\u1ea3nh s\u1eafc v\u00e0 c\u1ea3m x\u00fac h\u00f2a quy\u1ec7n th\u00e0nh m\u1ed9t b\u1ea3n th\u1ec3 th\u1ed1ng nh\u1ea5t, v\u01b0\u1ee3t th\u1eddi gian.<\/p>\n\t\t\t\t<\/div>\n\t\t\t\t<\/div>\n\t\t\t\t<div class=\"elementor-element elementor-element-4616b5f elementor-widget elementor-widget-qi_addons_for_elementor_highlight\" data-id=\"4616b5f\" data-element_type=\"widget\" data-e-type=\"widget\" data-widget_type=\"qi_addons_for_elementor_highlight.default\">\n\t\t\t\t<div class=\"elementor-widget-container\">\n\t\t\t\t\t<p class=\"qodef-shortcode qodef-m qodef-qi-highlight qodef-highlight-style--color\" >\n\tM\u00f9i h\u01b0\u01a1ng m\u1edf \u0111\u1ea7u b\u1eb1ng s\u1ef1 t\u01b0\u01a1i nh\u1eb9, thanh khi\u1ebft v\u00e0 tinh t\u1ebf, g\u1ee3i nh\u1edb nh\u1eefng bu\u1ed5i s\u00e1ng mi\u1ec1n B\u1eafc v\u1edbi \u00e1nh s\u00e1ng d\u1ecbu d\u00e0ng, kh\u00f4ng kh\u00ed trong l\u00e0nh v\u00e0 v\u1ebb \u0111\u1eb9p tr\u1ea7m l\u1eafng. C\u1ea3m gi\u00e1c thu\u1ea7n khi\u1ebft v\u00e0 \u0111oan trang \u1ea5y nh\u01b0 m\u1ed9t l\u1eddi m\u1eddi kh\u1ebd kh\u00e0ng, kh\u00f4ng c\u1ea7n ph\u00f4 tr\u01b0\u01a1ng m\u00e0 v\u1eabn cu\u1ed1n h\u00fat.<\/p>\n\t\t\t\t<\/div>\n\t\t\t\t<\/div>\n\t\t\t\t<div class=\"elementor-element elementor-element-aed8587 elementor-widget elementor-widget-qi_addons_for_elementor_highlight\" data-id=\"aed8587\" data-element_type=\"widget\" data-e-type=\"widget\" data-widget_type=\"qi_addons_for_elementor_highlight.default\">\n\t\t\t\t<div class=\"elementor-widget-container\">\n\t\t\t\t\t<p class=\"qodef-shortcode qodef-m qodef-qi-highlight qodef-highlight-style--color\" >\n\t\u1ede t\u1ea7ng h\u01b0\u01a1ng gi\u1eefa, Miss Vietnam b\u1ed9c l\u1ed9 chi\u1ec1u s\u00e2u v\u00e0 s\u1ef1 d\u1ecbu d\u00e0ng \u0111\u01b0\u1ee3c t\u00f4i luy\u1ec7n t\u1eeb mi\u1ec1n Trung \u2014 n\u01a1i gi\u00e0u ch\u1ea5t th\u01a1, ki\u00ean c\u01b0\u1eddng v\u00e0 chan ch\u1ee9a c\u1ea3m x\u00fac. Nh\u1eefng n\u1ed1t h\u01b0\u01a1ng hoa n\u1edf \u1ea5m \u00e1p, tinh t\u1ebf v\u00e0 \u0111\u1ea7y t\u1ea7ng l\u1edbp, g\u1ee3i nh\u1eafc h\u00ecnh \u1ea3nh bao th\u1ebf h\u1ec7 ph\u1ee5 n\u1eef mang trong m\u00ecnh s\u1ee9c m\u1ea1nh c\u1ee7a s\u1ef1 m\u1ec1m m\u1ea1i v\u00e0 n\u00e9t duy\u00ean d\u00e1ng c\u1ee7a l\u00f2ng b\u1ec1n b\u1ec9.<\/p>\n\t\t\t\t<\/div>\n\t\t\t\t<\/div>\n\t\t\t\t<\/div>\n\t\t<div class=\"elementor-element elementor-element-a21cb20 e-con-full e-flex e-con e-child\" data-id=\"a21cb20\" data-element_type=\"container\" data-e-type=\"container\">\n\t\t\t\t<div class=\"elementor-element elementor-element-99b78da elementor-widget elementor-widget-qi_addons_for_elementor_highlight\" data-id=\"99b78da\" data-element_type=\"widget\" data-e-type=\"widget\" data-widget_type=\"qi_addons_for_elementor_highlight.default\">\n\t\t\t\t<div class=\"elementor-widget-container\">\n\t\t\t\t\t<p class=\"qodef-shortcode qodef-m qodef-qi-highlight qodef-highlight-style--color\" >\n\tKhi m\u00f9i h\u01b0\u01a1ng l\u1eafng l\u1ea1i, s\u1eafc th\u00e1i tr\u1edf n\u00ean \u1ea5m \u00e1p v\u00e0 g\u1ea7n g\u0169i h\u01a1n, ph\u1ea3n chi\u1ebfu tinh th\u1ea7n mi\u1ec1n Nam \u2014 c\u1edfi m\u1edf, r\u1ea1ng r\u1ee1 v\u00e0 d\u1ec5 ch\u1ea1m \u0111\u1ebfn tr\u00e1i tim. Nh\u1eefng n\u1ed1t g\u1ed7 m\u01b0\u1ee3t m\u00e0 v\u00e0 x\u1ea1 h\u01b0\u01a1ng m\u1ec1m m\u1ea1i l\u01b0u l\u1ea1i tr\u00ean da, \u0111\u1ec3 l\u1ea1i d\u01b0 h\u01b0\u01a1ng quen thu\u1ed9c, th\u00e2n th\u01b0\u01a1ng v\u00e0 \u0111\u1ea7y t\u1ef1 tin l\u1eb7ng l\u1ebd.<\/p>\n\t\t\t\t<\/div>\n\t\t\t\t<\/div>\n\t\t\t\t<div class=\"elementor-element elementor-element-7e2ba92 elementor-widget elementor-widget-qi_addons_for_elementor_highlight\" data-id=\"7e2ba92\" data-element_type=\"widget\" data-e-type=\"widget\" data-widget_type=\"qi_addons_for_elementor_highlight.default\">\n\t\t\t\t<div class=\"elementor-widget-container\">\n\t\t\t\t\t<p class=\"qodef-shortcode qodef-m qodef-qi-highlight qodef-highlight-style--color\" >\n\tMiss Vietnam kh\u00f4ng \u0111\u01b0\u1ee3c t\u1ea1o ra \u0111\u1ec3 ch\u1ea1y theo xu h\u01b0\u1edbng.<\/p>\n\t\t\t\t<\/div>\n\t\t\t\t<\/div>\n\t\t\t\t<div class=\"elementor-element elementor-element-9e22660 elementor-widget elementor-widget-qi_addons_for_elementor_highlight\" data-id=\"9e22660\" data-element_type=\"widget\" data-e-type=\"widget\" data-widget_type=\"qi_addons_for_elementor_highlight.default\">\n\t\t\t\t<div class=\"elementor-widget-container\">\n\t\t\t\t\t<p class=\"qodef-shortcode qodef-m qodef-qi-highlight qodef-highlight-style--color\" >\n\tM\u00e0 \u0111\u01b0\u1ee3c t\u1ea1o ra \u0111\u1ec3 t\u00f4n vinh b\u1ea3n s\u1eafc.<\/p>\n\t\t\t\t<\/div>\n\t\t\t\t<\/div>\n\t\t\t\t<div class=\"elementor-element elementor-element-cb04264 elementor-widget elementor-widget-qi_addons_for_elementor_highlight\" data-id=\"cb04264\" data-element_type=\"widget\" data-e-type=\"widget\" data-widget_type=\"qi_addons_for_elementor_highlight.default\">\n\t\t\t\t<div class=\"elementor-widget-container\">\n\t\t\t\t\t<p class=\"qodef-shortcode qodef-m qodef-qi-highlight qodef-highlight-style--color\" >\n\tM\u00f9i h\u01b0\u01a1ng n\u00e0y t\u00f4n vinh v\u1ebb \u0111\u1eb9p n\u1eef t\u00ednh Vi\u1ec7t Nam trong m\u1ecdi h\u00ecnh th\u00e1i \u2014 d\u1ecbu d\u00e0ng nh\u01b0ng m\u1ea1nh m\u1ebd, truy\u1ec1n th\u1ed1ng nh\u01b0ng kh\u00f4ng ng\u1eebng chuy\u1ec3n m\u00ecnh, k\u00edn \u0111\u00e1o nh\u01b0ng kh\u00f3 qu\u00ean. \u0110\u00f3 l\u00e0 l\u1eddi tri \u00e2n d\u00e0nh cho di s\u1ea3n, cho s\u1ef1 th\u1ed1ng nh\u1ea5t, v\u00e0 cho v\u1ebb \u0111\u1eb9p c\u1ee7a nh\u1eefng ng\u01b0\u1eddi ph\u1ee5 n\u1eef lu\u00f4n mang theo c\u1ed9i ngu\u1ed3n c\u1ee7a m\u00ecnh, d\u00f9 h\u1ecd \u1edf b\u1ea5t c\u1ee9 n\u01a1i \u0111\u00e2u.<\/p>\n\t\t\t\t<\/div>\n\t\t\t\t<\/div>\n\t\t\t\t<\/div>\n\t\t\t\t<\/div>\n\t\t<div class=\"elementor-element elementor-element-63919a8 e-con-full e-flex e-con e-parent\" data-id=\"63919a8\" data-element_type=\"container\" data-e-type=\"container\">\n\t\t\t\t<div class=\"elementor-element elementor-element-587d045 elementor-widget elementor-widget-image-gallery\" data-id=\"587d045\" data-element_type=\"widget\" data-e-type=\"widget\" data-widget_type=\"image-gallery.default\">\n\t\t\t\t\t\t\t<div class=\"elementor-image-gallery\">\n\t\t\t\n\t\t<style type=\"text\/css\">\n\t\t\t#gallery-1 {\n\t\t\t\tmargin: auto;\n\t\t\t}\n\t\t\t#gallery-1 .gallery-item {\n\t\t\t\tfloat: left;\n\t\t\t\tmargin-top: 10px;\n\t\t\t\ttext-align: center;\n\t\t\t\twidth: 16%;\n\t\t\t}\n\t\t\t#gallery-1 img {\n\t\t\t\tborder: 2px solid #cfcfcf;\n\t\t\t}\n\t\t\t#gallery-1 .gallery-caption {\n\t\t\t\tmargin-left: 0;\n\t\t\t}\n\t\t\t\/* see gallery_shortcode() in wp-includes\/media.php *\/\n\t\t<\/style>\n\t\t<div id='gallery-1' class='gallery galleryid-7913 gallery-columns-6 gallery-size-large'><dl class='gallery-item'>\n\t\t\t<dt class='gallery-icon landscape'>\n\t\t\t\t<a data-elementor-open-lightbox=\"yes\" data-elementor-lightbox-slideshow=\"587d045\" data-elementor-lightbox-title=\"saigon-(2)\" data-e-action-hash=\"#elementor-action%3Aaction%3Dlightbox%26settings%3DeyJpZCI6NzE5NywidXJsIjoiaHR0cHM6XC9cL3NhaWdvbmNvc21ldGljcy5oZW5yeWRhaWl0LmNvbVwvd3AtY29udGVudFwvdXBsb2Fkc1wvMjAyNlwvMDFcL3NhaWdvbi0yLmpwZyIsInNsaWRlc2hvdyI6IjU4N2QwNDUifQ%3D%3D\" href='https:\/\/saigoncosmetics.henrydaiit.com\/wp-content\/uploads\/2026\/01\/saigon-2.jpg'><img decoding=\"async\" width=\"900\" height=\"900\" src=\"https:\/\/saigoncosmetics.henrydaiit.com\/wp-content\/uploads\/2026\/01\/saigon-2.jpg\" class=\"attachment-large size-large\" alt=\"\" srcset=\"https:\/\/saigoncosmetics.henrydaiit.com\/wp-content\/uploads\/2026\/01\/saigon-2.jpg 900w, https:\/\/saigoncosmetics.henrydaiit.com\/wp-content\/uploads\/2026\/01\/saigon-2-300x300.jpg 300w, https:\/\/saigoncosmetics.henrydaiit.com\/wp-content\/uploads\/2026\/01\/saigon-2-150x150.jpg 150w, https:\/\/saigoncosmetics.henrydaiit.com\/wp-content\/uploads\/2026\/01\/saigon-2-768x768.jpg 768w, https:\/\/saigoncosmetics.henrydaiit.com\/wp-content\/uploads\/2026\/01\/saigon-2-650x650.jpg 650w, https:\/\/saigoncosmetics.henrydaiit.com\/wp-content\/uploads\/2026\/01\/saigon-2-600x600.jpg 600w, https:\/\/saigoncosmetics.henrydaiit.com\/wp-content\/uploads\/2026\/01\/saigon-2-100x100.jpg 100w\" sizes=\"(max-width: 900px) 100vw, 900px\" \/><\/a>\n\t\t\t<\/dt><\/dl><dl class='gallery-item'>\n\t\t\t<dt class='gallery-icon landscape'>\n\t\t\t\t<a data-elementor-open-lightbox=\"yes\" data-elementor-lightbox-slideshow=\"587d045\" data-elementor-lightbox-title=\"hue-(2)\" data-e-action-hash=\"#elementor-action%3Aaction%3Dlightbox%26settings%3DeyJpZCI6NzE5NSwidXJsIjoiaHR0cHM6XC9cL3NhaWdvbmNvc21ldGljcy5oZW5yeWRhaWl0LmNvbVwvd3AtY29udGVudFwvdXBsb2Fkc1wvMjAyNlwvMDFcL2h1ZS0yLmpwZyIsInNsaWRlc2hvdyI6IjU4N2QwNDUifQ%3D%3D\" href='https:\/\/saigoncosmetics.henrydaiit.com\/wp-content\/uploads\/2026\/01\/hue-2.jpg'><img decoding=\"async\" width=\"900\" height=\"900\" src=\"https:\/\/saigoncosmetics.henrydaiit.com\/wp-content\/uploads\/2026\/01\/hue-2.jpg\" class=\"attachment-large size-large\" alt=\"\" srcset=\"https:\/\/saigoncosmetics.henrydaiit.com\/wp-content\/uploads\/2026\/01\/hue-2.jpg 900w, https:\/\/saigoncosmetics.henrydaiit.com\/wp-content\/uploads\/2026\/01\/hue-2-300x300.jpg 300w, https:\/\/saigoncosmetics.henrydaiit.com\/wp-content\/uploads\/2026\/01\/hue-2-150x150.jpg 150w, https:\/\/saigoncosmetics.henrydaiit.com\/wp-content\/uploads\/2026\/01\/hue-2-768x768.jpg 768w, https:\/\/saigoncosmetics.henrydaiit.com\/wp-content\/uploads\/2026\/01\/hue-2-650x650.jpg 650w, https:\/\/saigoncosmetics.henrydaiit.com\/wp-content\/uploads\/2026\/01\/hue-2-600x600.jpg 600w, https:\/\/saigoncosmetics.henrydaiit.com\/wp-content\/uploads\/2026\/01\/hue-2-100x100.jpg 100w\" sizes=\"(max-width: 900px) 100vw, 900px\" \/><\/a>\n\t\t\t<\/dt><\/dl><dl class='gallery-item'>\n\t\t\t<dt class='gallery-icon landscape'>\n\t\t\t\t<a data-elementor-open-lightbox=\"yes\" data-elementor-lightbox-slideshow=\"587d045\" data-elementor-lightbox-title=\"hanoi-(2)\" data-e-action-hash=\"#elementor-action%3Aaction%3Dlightbox%26settings%3DeyJpZCI6NzE5MywidXJsIjoiaHR0cHM6XC9cL3NhaWdvbmNvc21ldGljcy5oZW5yeWRhaWl0LmNvbVwvd3AtY29udGVudFwvdXBsb2Fkc1wvMjAyNlwvMDFcL2hhbm9pLTIuanBnIiwic2xpZGVzaG93IjoiNTg3ZDA0NSJ9\" href='https:\/\/saigoncosmetics.henrydaiit.com\/wp-content\/uploads\/2026\/01\/hanoi-2.jpg'><img loading=\"lazy\" decoding=\"async\" width=\"900\" height=\"900\" src=\"https:\/\/saigoncosmetics.henrydaiit.com\/wp-content\/uploads\/2026\/01\/hanoi-2.jpg\" class=\"attachment-large size-large\" alt=\"\" srcset=\"https:\/\/saigoncosmetics.henrydaiit.com\/wp-content\/uploads\/2026\/01\/hanoi-2.jpg 900w, https:\/\/saigoncosmetics.henrydaiit.com\/wp-content\/uploads\/2026\/01\/hanoi-2-300x300.jpg 300w, https:\/\/saigoncosmetics.henrydaiit.com\/wp-content\/uploads\/2026\/01\/hanoi-2-150x150.jpg 150w, https:\/\/saigoncosmetics.henrydaiit.com\/wp-content\/uploads\/2026\/01\/hanoi-2-768x768.jpg 768w, https:\/\/saigoncosmetics.henrydaiit.com\/wp-content\/uploads\/2026\/01\/hanoi-2-650x650.jpg 650w, https:\/\/saigoncosmetics.henrydaiit.com\/wp-content\/uploads\/2026\/01\/hanoi-2-600x600.jpg 600w, https:\/\/saigoncosmetics.henrydaiit.com\/wp-content\/uploads\/2026\/01\/hanoi-2-100x100.jpg 100w\" sizes=\"(max-width: 900px) 100vw, 900px\" \/><\/a>\n\t\t\t<\/dt><\/dl><dl class='gallery-item'>\n\t\t\t<dt class='gallery-icon landscape'>\n\t\t\t\t<a data-elementor-open-lightbox=\"yes\" data-elementor-lightbox-slideshow=\"587d045\" data-elementor-lightbox-title=\"saigon\" data-e-action-hash=\"#elementor-action%3Aaction%3Dlightbox%26settings%3DeyJpZCI6NzIwMywidXJsIjoiaHR0cHM6XC9cL3NhaWdvbmNvc21ldGljcy5oZW5yeWRhaWl0LmNvbVwvd3AtY29udGVudFwvdXBsb2Fkc1wvMjAyNlwvMDFcL3NhaWdvbi5qcGciLCJzbGlkZXNob3ciOiI1ODdkMDQ1In0%3D\" href='https:\/\/saigoncosmetics.henrydaiit.com\/wp-content\/uploads\/2026\/01\/saigon.jpg'><img loading=\"lazy\" decoding=\"async\" width=\"900\" height=\"900\" src=\"https:\/\/saigoncosmetics.henrydaiit.com\/wp-content\/uploads\/2026\/01\/saigon.jpg\" class=\"attachment-large size-large\" alt=\"\" srcset=\"https:\/\/saigoncosmetics.henrydaiit.com\/wp-content\/uploads\/2026\/01\/saigon.jpg 900w, https:\/\/saigoncosmetics.henrydaiit.com\/wp-content\/uploads\/2026\/01\/saigon-300x300.jpg 300w, https:\/\/saigoncosmetics.henrydaiit.com\/wp-content\/uploads\/2026\/01\/saigon-150x150.jpg 150w, https:\/\/saigoncosmetics.henrydaiit.com\/wp-content\/uploads\/2026\/01\/saigon-768x768.jpg 768w, https:\/\/saigoncosmetics.henrydaiit.com\/wp-content\/uploads\/2026\/01\/saigon-650x650.jpg 650w, https:\/\/saigoncosmetics.henrydaiit.com\/wp-content\/uploads\/2026\/01\/saigon-600x600.jpg 600w, https:\/\/saigoncosmetics.henrydaiit.com\/wp-content\/uploads\/2026\/01\/saigon-100x100.jpg 100w\" sizes=\"(max-width: 900px) 100vw, 900px\" \/><\/a>\n\t\t\t<\/dt><\/dl><dl class='gallery-item'>\n\t\t\t<dt class='gallery-icon landscape'>\n\t\t\t\t<a data-elementor-open-lightbox=\"yes\" data-elementor-lightbox-slideshow=\"587d045\" data-elementor-lightbox-title=\"hue\" data-e-action-hash=\"#elementor-action%3Aaction%3Dlightbox%26settings%3DeyJpZCI6NzIwMSwidXJsIjoiaHR0cHM6XC9cL3NhaWdvbmNvc21ldGljcy5oZW5yeWRhaWl0LmNvbVwvd3AtY29udGVudFwvdXBsb2Fkc1wvMjAyNlwvMDFcL2h1ZS5qcGciLCJzbGlkZXNob3ciOiI1ODdkMDQ1In0%3D\" href='https:\/\/saigoncosmetics.henrydaiit.com\/wp-content\/uploads\/2026\/01\/hue.jpg'><img loading=\"lazy\" decoding=\"async\" width=\"900\" height=\"900\" src=\"https:\/\/saigoncosmetics.henrydaiit.com\/wp-content\/uploads\/2026\/01\/hue.jpg\" class=\"attachment-large size-large\" alt=\"\" srcset=\"https:\/\/saigoncosmetics.henrydaiit.com\/wp-content\/uploads\/2026\/01\/hue.jpg 900w, https:\/\/saigoncosmetics.henrydaiit.com\/wp-content\/uploads\/2026\/01\/hue-300x300.jpg 300w, https:\/\/saigoncosmetics.henrydaiit.com\/wp-content\/uploads\/2026\/01\/hue-150x150.jpg 150w, https:\/\/saigoncosmetics.henrydaiit.com\/wp-content\/uploads\/2026\/01\/hue-768x768.jpg 768w, https:\/\/saigoncosmetics.henrydaiit.com\/wp-content\/uploads\/2026\/01\/hue-650x650.jpg 650w, https:\/\/saigoncosmetics.henrydaiit.com\/wp-content\/uploads\/2026\/01\/hue-600x600.jpg 600w, https:\/\/saigoncosmetics.henrydaiit.com\/wp-content\/uploads\/2026\/01\/hue-100x100.jpg 100w\" sizes=\"(max-width: 900px) 100vw, 900px\" \/><\/a>\n\t\t\t<\/dt><\/dl><dl class='gallery-item'>\n\t\t\t<dt class='gallery-icon landscape'>\n\t\t\t\t<a data-elementor-open-lightbox=\"yes\" data-elementor-lightbox-slideshow=\"587d045\" data-elementor-lightbox-title=\"hanoi\" data-e-action-hash=\"#elementor-action%3Aaction%3Dlightbox%26settings%3DeyJpZCI6NzE5OSwidXJsIjoiaHR0cHM6XC9cL3NhaWdvbmNvc21ldGljcy5oZW5yeWRhaWl0LmNvbVwvd3AtY29udGVudFwvdXBsb2Fkc1wvMjAyNlwvMDFcL2hhbm9pLmpwZyIsInNsaWRlc2hvdyI6IjU4N2QwNDUifQ%3D%3D\" href='https:\/\/saigoncosmetics.henrydaiit.com\/wp-content\/uploads\/2026\/01\/hanoi.jpg'><img loading=\"lazy\" decoding=\"async\" width=\"900\" height=\"900\" src=\"https:\/\/saigoncosmetics.henrydaiit.com\/wp-content\/uploads\/2026\/01\/hanoi.jpg\" class=\"attachment-large size-large\" alt=\"\" srcset=\"https:\/\/saigoncosmetics.henrydaiit.com\/wp-content\/uploads\/2026\/01\/hanoi.jpg 900w, https:\/\/saigoncosmetics.henrydaiit.com\/wp-content\/uploads\/2026\/01\/hanoi-300x300.jpg 300w, https:\/\/saigoncosmetics.henrydaiit.com\/wp-content\/uploads\/2026\/01\/hanoi-150x150.jpg 150w, https:\/\/saigoncosmetics.henrydaiit.com\/wp-content\/uploads\/2026\/01\/hanoi-768x768.jpg 768w, https:\/\/saigoncosmetics.henrydaiit.com\/wp-content\/uploads\/2026\/01\/hanoi-650x650.jpg 650w, https:\/\/saigoncosmetics.henrydaiit.com\/wp-content\/uploads\/2026\/01\/hanoi-600x600.jpg 600w, https:\/\/saigoncosmetics.henrydaiit.com\/wp-content\/uploads\/2026\/01\/hanoi-100x100.jpg 100w\" sizes=\"(max-width: 900px) 100vw, 900px\" \/><\/a>\n\t\t\t<\/dt><\/dl><br style=\"clear: both\" \/>\n\t\t<\/div>\n\t\t<\/div>\n\t\t\t\t\t\t<\/div>\n\t\t\t\t<\/div>\n\t\t\t\t<\/div>","protected":false},"excerpt":{"rendered":"<p>THE STORY OF MISS VIETNAM Miss Vietnam \u2013 The Soul of a Nation in a Scent Miss Vietnam is a fragrance inspired by the spirit of Vietnamese women across the North, Central, and South \u2014 a harmony of cultures, landscapes, and emotions woven into one timeless expression. The scent opens with a light, graceful freshness, [&hellip;]<\/p>\n","protected":false},"author":1,"featured_media":0,"parent":0,"menu_order":0,"comment_status":"closed","ping_status":"closed","template":"page-full-width.php","meta":{"footnotes":""},"class_list":["post-7913","page","type-page","status-publish","hentry"],"_links":{"self":[{"href":"https:\/\/saigoncosmetics.henrydaiit.com\/vi\/wp-json\/wp\/v2\/pages\/7913","targetHints":{"allow":["GET"]}}],"collection":[{"href":"https:\/\/saigoncosmetics.henrydaiit.com\/vi\/wp-json\/wp\/v2\/pages"}],"about":[{"href":"https:\/\/saigoncosmetics.henrydaiit.com\/vi\/wp-json\/wp\/v2\/types\/page"}],"author":[{"embeddable":true,"href":"https:\/\/saigoncosmetics.henrydaiit.com\/vi\/wp-json\/wp\/v2\/users\/1"}],"replies":[{"embeddable":true,"href":"https:\/\/saigoncosmetics.henrydaiit.com\/vi\/wp-json\/wp\/v2\/comments?post=7913"}],"version-history":[{"count":29,"href":"https:\/\/saigoncosmetics.henrydaiit.com\/vi\/wp-json\/wp\/v2\/pages\/7913\/revisions"}],"predecessor-version":[{"id":8236,"href":"https:\/\/saigoncosmetics.henrydaiit.com\/vi\/wp-json\/wp\/v2\/pages\/7913\/revisions\/8236"}],"wp:attachment":[{"href":"https:\/\/saigoncosmetics.henrydaiit.com\/vi\/wp-json\/wp\/v2\/media?parent=7913"}],"curies":[{"name":"wp","href":"https:\/\/api.w.org\/{rel}","templated":true}]}}