{"id":7905,"date":"2026-01-29T03:27:11","date_gmt":"2026-01-29T03:27:11","guid":{"rendered":"https:\/\/saigoncosmetics.henrydaiit.com\/?page_id=7905"},"modified":"2026-02-14T16:35:36","modified_gmt":"2026-02-14T16:35:36","slug":"miss-saigon-heritage-story","status":"publish","type":"page","link":"https:\/\/saigoncosmetics.henrydaiit.com\/vi\/miss-saigon-heritage-story\/","title":{"rendered":"Miss Saigon Heritage Story"},"content":{"rendered":"<div data-elementor-type=\"wp-page\" data-elementor-id=\"7905\" class=\"elementor elementor-7905\">\n\t\t\t\t<div class=\"elementor-element elementor-element-2ae9ed2 e-con-full e-flex e-con e-parent\" data-id=\"2ae9ed2\" data-element_type=\"container\" data-e-type=\"container\">\n\t\t\t\t<div class=\"elementor-element elementor-element-12d3dac elementor-widget elementor-widget-seraphina_core_image_gallery\" data-id=\"12d3dac\" data-element_type=\"widget\" data-e-type=\"widget\" data-widget_type=\"seraphina_core_image_gallery.default\">\n\t\t\t\t<div class=\"elementor-widget-container\">\n\t\t\t\t\t<div class=\"qodef-shortcode qodef-m products-top-image qodef-image-gallery qodef-hover--zoom qodef-grid qodef-layout--columns qodef-col-num--1 qodef-responsive--predefined qodef-swiper--show-pagination\" >\n\t<div class=\"qodef-grid-inner\">\n\t\t<div class=\"qodef-e qodef-image-wrapper qodef-grid-item\">\n\t<div class=\"qodef-m-inner\">\n\t\t\t<img fetchpriority=\"high\" decoding=\"async\" width=\"1920\" height=\"640\" src=\"https:\/\/saigoncosmetics.henrydaiit.com\/wp-content\/uploads\/2026\/01\/miss-saigon-heritage-story-banner-1.jpg\" class=\"attachment-full size-full\" alt=\"\" srcset=\"https:\/\/saigoncosmetics.henrydaiit.com\/wp-content\/uploads\/2026\/01\/miss-saigon-heritage-story-banner-1.jpg 1920w, https:\/\/saigoncosmetics.henrydaiit.com\/wp-content\/uploads\/2026\/01\/miss-saigon-heritage-story-banner-1-300x100.jpg 300w, https:\/\/saigoncosmetics.henrydaiit.com\/wp-content\/uploads\/2026\/01\/miss-saigon-heritage-story-banner-1-1024x341.jpg 1024w, https:\/\/saigoncosmetics.henrydaiit.com\/wp-content\/uploads\/2026\/01\/miss-saigon-heritage-story-banner-1-768x256.jpg 768w, https:\/\/saigoncosmetics.henrydaiit.com\/wp-content\/uploads\/2026\/01\/miss-saigon-heritage-story-banner-1-1536x512.jpg 1536w, https:\/\/saigoncosmetics.henrydaiit.com\/wp-content\/uploads\/2026\/01\/miss-saigon-heritage-story-banner-1-600x200.jpg 600w\" sizes=\"(max-width: 1920px) 100vw, 1920px\" \/>\t\t<\/div>\n<\/div>\n\t<\/div>\n<\/div>\n\t\t\t\t<\/div>\n\t\t\t\t<\/div>\n\t\t\t\t<\/div>\n\t\t<div class=\"elementor-element elementor-element-124456b e-con-full miss-saigon-story-title-container e-flex e-con e-parent\" data-id=\"124456b\" data-element_type=\"container\" data-e-type=\"container\">\n\t\t\t\t<div class=\"elementor-element elementor-element-023c0b8 elementor-widget elementor-widget-seraphina_core_section_title\" data-id=\"023c0b8\" data-element_type=\"widget\" data-e-type=\"widget\" data-widget_type=\"seraphina_core_section_title.default\">\n\t\t\t\t<div class=\"elementor-widget-container\">\n\t\t\t\t\t<div class=\"qodef-shortcode qodef-m miss-saigon-story-title qodef-section-title qodef-alignment--center\">\n\t\t\t<h5 class=\"qodef-m-title\" >\n\t\t\t\t\tTHE STORY OF MISS SAIGON\t\t\t<\/h5>\n\t<\/div>\n\t\t\t\t<\/div>\n\t\t\t\t<\/div>\n\t\t\t\t<\/div>\n\t\t<div class=\"elementor-element elementor-element-7cc31b7 e-con-full e-flex e-con e-parent\" data-id=\"7cc31b7\" data-element_type=\"container\" data-e-type=\"container\">\n\t\t<div class=\"elementor-element elementor-element-d9c5d51 e-con-full e-flex e-con e-child\" data-id=\"d9c5d51\" data-element_type=\"container\" data-e-type=\"container\">\n\t\t\t\t<div class=\"elementor-element elementor-element-9fcee7c elementor-widget elementor-widget-qi_addons_for_elementor_highlight\" data-id=\"9fcee7c\" data-element_type=\"widget\" data-e-type=\"widget\" data-widget_type=\"qi_addons_for_elementor_highlight.default\">\n\t\t\t\t<div class=\"elementor-widget-container\">\n\t\t\t\t\t<p class=\"qodef-shortcode qodef-m qodef-qi-highlight qodef-highlight-style--color\" >\n\tM\u1ed9t m\u00f9i h\u01b0\u01a1ng sinh ra t\u1eeb k\u00fd \u1ee9c, v\u0103n ho\u00e1 v\u00e0 s\u1ee9c m\u1ea1nh th\u1ea7m l\u1eb7ng.<\/p>\n\t\t\t\t<\/div>\n\t\t\t\t<\/div>\n\t\t\t\t<div class=\"elementor-element elementor-element-cae2b86 elementor-widget elementor-widget-qi_addons_for_elementor_highlight\" data-id=\"cae2b86\" data-element_type=\"widget\" data-e-type=\"widget\" data-widget_type=\"qi_addons_for_elementor_highlight.default\">\n\t\t\t\t<div class=\"elementor-widget-container\">\n\t\t\t\t\t<p class=\"qodef-shortcode qodef-m qodef-qi-highlight qodef-highlight-style--color\" >\n\tMiss Saigon Heritage kh\u00f4ng ch\u1ec9 l\u00e0 m\u1ed9t m\u00f9i h\u01b0\u01a1ng.<\/p>\n\t\t\t\t<\/div>\n\t\t\t\t<\/div>\n\t\t\t\t<div class=\"elementor-element elementor-element-4616b5f elementor-widget elementor-widget-qi_addons_for_elementor_highlight\" data-id=\"4616b5f\" data-element_type=\"widget\" data-e-type=\"widget\" data-widget_type=\"qi_addons_for_elementor_highlight.default\">\n\t\t\t\t<div class=\"elementor-widget-container\">\n\t\t\t\t\t<p class=\"qodef-shortcode qodef-m qodef-qi-highlight qodef-highlight-style--color\" >\n\t\u0110\u00f3 l\u00e0 m\u1ed9t s\u1ef1 ho\u00e0i ni\u1ec7m.<\/p>\n\t\t\t\t<\/div>\n\t\t\t\t<\/div>\n\t\t\t\t<div class=\"elementor-element elementor-element-aed8587 elementor-widget elementor-widget-qi_addons_for_elementor_highlight\" data-id=\"aed8587\" data-element_type=\"widget\" data-e-type=\"widget\" data-widget_type=\"qi_addons_for_elementor_highlight.default\">\n\t\t\t\t<div class=\"elementor-widget-container\">\n\t\t\t\t\t<p class=\"qodef-shortcode qodef-m qodef-qi-highlight qodef-highlight-style--color\" >\n\tL\u1ea5y c\u1ea3m h\u1ee9ng t\u1eeb v\u1ebb \u0111\u1eb9p thanh l\u1ecbch c\u1ee7a ng\u01b0\u1eddi ph\u1ee5 n\u1eef Vi\u1ec7t qua nhi\u1ec1u th\u1ebf h\u1ec7, m\u00f9i h\u01b0\u01a1ng n\u00e0y n\u1eafm gi\u1eef linh h\u1ed3n c\u1ee7a S\u00e0i G\u00f2n\u2014n\u01a1i s\u1ef1 d\u1ecbu d\u00e0ng v\u00e0 b\u1ec1n b\u1ec9 c\u00f9ng t\u1ed3n t\u1ea1i, n\u01a1i truy\u1ec1n th\u1ed1ng h\u00f2a quy\u1ec7n t\u1ef1 nhi\u00ean v\u00e0o nh\u1ecbp s\u1ed1ng hi\u1ec7n \u0111\u1ea1i.<\/p>\n\t\t\t\t<\/div>\n\t\t\t\t<\/div>\n\t\t\t\t<div class=\"elementor-element elementor-element-26c7a8c elementor-widget elementor-widget-qi_addons_for_elementor_highlight\" data-id=\"26c7a8c\" data-element_type=\"widget\" data-e-type=\"widget\" data-widget_type=\"qi_addons_for_elementor_highlight.default\">\n\t\t\t\t<div class=\"elementor-widget-container\">\n\t\t\t\t\t<p class=\"qodef-shortcode qodef-m qodef-qi-highlight qodef-highlight-style--color\" >\n\tC\u00f4 l\u00e0 ng\u01b0\u1eddi ph\u1ee5 n\u1eef th\u1ee9c d\u1eady s\u1edbm, khi kh\u00f4ng kh\u00ed tho\u1ea3ng h\u01b0\u01a1ng hoa nh\u00e0i len qua nh\u1eefng khung c\u1eeda g\u1ed7. C\u00f4 l\u00e0 ng\u01b0\u1eddi con g\u00e1i mang theo n\u00e9t duy\u00ean d\u00e1ng c\u1ee7a m\u1eb9 m\u00ecnh, nh\u01b0ng kh\u00f4ng bao gi\u1edd l\u1eb7p l\u1ea1i con \u0111\u01b0\u1eddng c\u1ee7a m\u1eb9. C\u00f4 l\u00e0 s\u1ef1 t\u1ef1 tin l\u1eb7ng l\u1ebd\u2014kh\u00f4ng c\u1ea7n \u1ed3n \u00e0o nh\u01b0ng lu\u00f4n hi\u1ec7n di\u1ec7n.<\/p>\n\t\t\t\t<\/div>\n\t\t\t\t<\/div>\n\t\t\t\t<div class=\"elementor-element elementor-element-99b78da elementor-widget elementor-widget-qi_addons_for_elementor_highlight\" data-id=\"99b78da\" data-element_type=\"widget\" data-e-type=\"widget\" data-widget_type=\"qi_addons_for_elementor_highlight.default\">\n\t\t\t\t<div class=\"elementor-widget-container\">\n\t\t\t\t\t<p class=\"qodef-shortcode qodef-m qodef-qi-highlight qodef-highlight-style--color\" >\n\t\u1ede nh\u1eefng n\u1ed1t h\u01b0\u01a1ng \u0111\u1ea7u ti\u00ean, Miss Saigon Heritage m\u1edf ra c\u1ea3m gi\u00e1c nh\u1eb9 nh\u00e0ng, trong tr\u1ebbo v\u00e0 n\u1eef t\u00ednh\u2014nh\u01b0 \u00e1nh n\u1eafng ban mai ph\u1ee7 l\u00ean m\u1ed9t con ph\u1ed1 S\u00e0i G\u00f2n x\u01b0a. Khi m\u00f9i h\u01b0\u01a1ng d\u1ea7n l\u1eafng l\u1ea1i, nh\u1eefng t\u1ea7ng h\u01b0\u01a1ng hoa n\u1edf d\u1ecbu d\u00e0ng, h\u00f2a quy\u1ec7n c\u00f9ng s\u1ef1 \u1ea5m \u00e1p v\u00e0 chi\u1ec1u s\u00e2u, g\u1ee3i l\u00ean s\u1ee9c m\u1ea1nh \u0111i\u1ec1m t\u0129nh c\u1ee7a nh\u1eefng ng\u01b0\u1eddi ph\u1ee5 n\u1eef mang l\u1ecbch s\u1eed trong tim nh\u01b0ng v\u1eabn b\u01b0\u1edbc \u0111i v\u1edbi ch\u1ee7 \u0111\u00edch. L\u1edbp h\u01b0\u01a1ng cu\u1ed1i l\u01b0u l\u1ea1i tinh t\u1ebf tr\u00ean l\u00e0n da\u2014th\u00e2n m\u1eadt, \u00eam d\u1ecbu\u2014nh\u01b0 m\u1ed9t k\u00fd \u1ee9c kh\u00f4ng bao gi\u1edd phai.\n<\/p>\n\t\t\t\t<\/div>\n\t\t\t\t<\/div>\n\t\t\t\t<\/div>\n\t\t<div class=\"elementor-element elementor-element-a21cb20 e-con-full e-flex e-con e-child\" data-id=\"a21cb20\" data-element_type=\"container\" data-e-type=\"container\">\n\t\t\t\t<div class=\"elementor-element elementor-element-7e2ba92 elementor-widget elementor-widget-qi_addons_for_elementor_highlight\" data-id=\"7e2ba92\" data-element_type=\"widget\" data-e-type=\"widget\" data-widget_type=\"qi_addons_for_elementor_highlight.default\">\n\t\t\t\t<div class=\"elementor-widget-container\">\n\t\t\t\t\t<p class=\"qodef-shortcode qodef-m qodef-qi-highlight qodef-highlight-style--color\" >\n\t\u0110\u00e2y l\u00e0 m\u00f9i h\u01b0\u01a1ng t\u00f4n vinh di s\u1ea3n\u2014kh\u00f4ng b\u1ecb \u0111\u00f3ng b\u0103ng trong qu\u00e1 kh\u1ee9, m\u00e0 lu\u00f4n s\u1ed1ng \u0111\u1ed9ng.<\/p>\n\t\t\t\t<\/div>\n\t\t\t\t<\/div>\n\t\t\t\t<div class=\"elementor-element elementor-element-9e22660 elementor-widget elementor-widget-qi_addons_for_elementor_highlight\" data-id=\"9e22660\" data-element_type=\"widget\" data-e-type=\"widget\" data-widget_type=\"qi_addons_for_elementor_highlight.default\">\n\t\t\t\t<div class=\"elementor-widget-container\">\n\t\t\t\t\t<p class=\"qodef-shortcode qodef-m qodef-qi-highlight qodef-highlight-style--color\" >\n\tM\u1ed9t l\u1eddi tri \u00e2n d\u00e0nh cho n\u1eef t\u00ednh\u2014thanh l\u1ecbch, v\u1eefng v\u00e0ng v\u00e0 b\u1ec1n b\u1ec9 theo th\u1eddi gian.<\/p>\n\t\t\t\t<\/div>\n\t\t\t\t<\/div>\n\t\t\t\t<div class=\"elementor-element elementor-element-cb04264 elementor-widget elementor-widget-qi_addons_for_elementor_highlight\" data-id=\"cb04264\" data-element_type=\"widget\" data-e-type=\"widget\" data-widget_type=\"qi_addons_for_elementor_highlight.default\">\n\t\t\t\t<div class=\"elementor-widget-container\">\n\t\t\t\t\t<p class=\"qodef-shortcode qodef-m qodef-qi-highlight qodef-highlight-style--color\" >\n\tMiss Saigon Heritage d\u00e0nh cho ng\u01b0\u1eddi ph\u1ee5 n\u1eef tr\u00e2n tr\u1ecdng c\u1ed9i ngu\u1ed3n c\u1ee7a m\u00ecnh, v\u00e0 bi\u1ebft r\u00f5 con \u0111\u01b0\u1eddng ph\u00eda tr\u01b0\u1edbc.<\/p>\n\t\t\t\t<\/div>\n\t\t\t\t<\/div>\n\t\t\t\t<div class=\"elementor-element elementor-element-55727d6 elementor-widget elementor-widget-qi_addons_for_elementor_highlight\" data-id=\"55727d6\" data-element_type=\"widget\" data-e-type=\"widget\" data-widget_type=\"qi_addons_for_elementor_highlight.default\">\n\t\t\t\t<div class=\"elementor-widget-container\">\n\t\t\t\t\t<p class=\"qodef-shortcode qodef-m qodef-qi-highlight qodef-highlight-style--color\" >\n\tV\u01b0\u1ee3t th\u1eddi gian. N\u1eef t\u00ednh. B\u1eaft ngu\u1ed3n t\u1eeb di s\u1ea3n.<\/p>\n\t\t\t\t<\/div>\n\t\t\t\t<\/div>\n\t\t\t\t<div class=\"elementor-element elementor-element-9d012f1 elementor-widget elementor-widget-qi_addons_for_elementor_highlight\" data-id=\"9d012f1\" data-element_type=\"widget\" data-e-type=\"widget\" data-widget_type=\"qi_addons_for_elementor_highlight.default\">\n\t\t\t\t<div class=\"elementor-widget-container\">\n\t\t\t\t\t<p class=\"qodef-shortcode qodef-m qodef-qi-highlight qodef-highlight-style--color\" >\n\tMiss Saigon Heritage l\u00ean ti\u1ebfng b\u1eb1ng nh\u1eefng kho\u1ea3nh kh\u1eafc l\u1eb7ng l\u1ebd, thay v\u00ec nh\u1eefng tuy\u00ean ng\u00f4n \u1ed3n \u00e0o. M\u00f9i h\u01b0\u01a1ng h\u00e9 l\u1ed9 ch\u1eadm r\u00e3i, lan t\u1ecfa nh\u01b0 ch\u00ednh th\u00e0nh ph\u1ed1 m\u00e0 n\u00f3 t\u00f4n vinh\u2014\u0111a t\u1ea7ng, ri\u00eang t\u01b0 v\u00e0 \u0111\u1ea7y s\u1eafc th\u00e1i. H\u01b0\u01a1ng th\u01a1m ph\u1ea3n chi\u1ebfu v\u1ebb \u0111\u1eb9p c\u1ee7a s\u1ef1 ti\u1ebft ch\u1ebf, s\u1ee9c m\u1ea1nh c\u1ee7a s\u1ef1 d\u1ecbu d\u00e0ng, v\u00e0 ph\u1ea9m gi\u00e1 c\u1ee7a nh\u1eefng ng\u01b0\u1eddi ph\u1ee5 n\u1eef m\u00e0 d\u1ea5u \u1ea5n v\u1eabn c\u00f2n l\u1ea1i r\u1ea5t l\u00e2u sau khi h\u1ecd r\u1eddi \u0111i. L\u00e0 chi\u1ebfc c\u1ea7u n\u1ed1i gi\u1eefa qu\u00e1 kh\u1ee9 v\u00e0 hi\u1ec7n t\u1ea1i, m\u00f9i h\u01b0\u01a1ng mang theo nh\u1eefng c\u00e2u chuy\u1ec7n v\u1ec1 s\u1ef1 t\u1eadn t\u00e2m, b\u1ec1n b\u1ec9 v\u00e0 th\u1ea5u hi\u1ec3u b\u1ea3n th\u00e2n. Khi \u0111\u01b0\u1ee3c l\u01b0u gi\u1eef g\u1ea7n l\u00e0n da, n\u00f3 tr\u1edf n\u00ean c\u00e1 nh\u00e2n v\u00e0 gi\u00e0u bi\u1ec3u c\u1ea3m\u2014m\u1ed9t d\u1ea5u \u1ea5n v\u1eeba quen thu\u1ed9c v\u1eeba r\u1ea5t ri\u00eang. H\u01a1n c\u1ea3 m\u1ed9t chai n\u01b0\u1edbc hoa, \u0111\u00f3 l\u00e0 s\u1ef1 ph\u1ea3n chi\u1ebfu c\u1ee7a b\u1ea3n s\u1eafc\u2014m\u1ec1m m\u1ea1i nh\u01b0ng v\u1eefng v\u00e0ng, tinh t\u1ebf nh\u01b0ng kh\u00f3 qu\u00ean.<\/p>\n\t\t\t\t<\/div>\n\t\t\t\t<\/div>\n\t\t\t\t<\/div>\n\t\t\t\t<\/div>\n\t\t<div class=\"elementor-element elementor-element-e0a6bbf e-con-full e-flex e-con e-parent\" data-id=\"e0a6bbf\" data-element_type=\"container\" data-e-type=\"container\">\n\t\t\t\t<div class=\"elementor-element elementor-element-adb30fd elementor-widget elementor-widget-image-gallery\" data-id=\"adb30fd\" data-element_type=\"widget\" data-e-type=\"widget\" data-widget_type=\"image-gallery.default\">\n\t\t\t\t\t\t\t<div class=\"elementor-image-gallery\">\n\t\t\t\n\t\t<style type=\"text\/css\">\n\t\t\t#gallery-1 {\n\t\t\t\tmargin: auto;\n\t\t\t}\n\t\t\t#gallery-1 .gallery-item {\n\t\t\t\tfloat: left;\n\t\t\t\tmargin-top: 10px;\n\t\t\t\ttext-align: center;\n\t\t\t\twidth: 20%;\n\t\t\t}\n\t\t\t#gallery-1 img {\n\t\t\t\tborder: 2px solid #cfcfcf;\n\t\t\t}\n\t\t\t#gallery-1 .gallery-caption {\n\t\t\t\tmargin-left: 0;\n\t\t\t}\n\t\t\t\/* see gallery_shortcode() in wp-includes\/media.php *\/\n\t\t<\/style>\n\t\t<div id='gallery-1' class='gallery galleryid-7905 gallery-columns-5 gallery-size-large'><dl class='gallery-item'>\n\t\t\t<dt class='gallery-icon portrait'>\n\t\t\t\t<a data-elementor-open-lightbox=\"yes\" data-elementor-lightbox-slideshow=\"adb30fd\" data-elementor-lightbox-title=\"miss-saigon-heritage-story-gallery-5\" data-e-action-hash=\"#elementor-action%3Aaction%3Dlightbox%26settings%3DeyJpZCI6NzkzNywidXJsIjoiaHR0cHM6XC9cL3NhaWdvbmNvc21ldGljcy5oZW5yeWRhaWl0LmNvbVwvd3AtY29udGVudFwvdXBsb2Fkc1wvMjAyNlwvMDFcL21pc3Mtc2FpZ29uLWhlcml0YWdlLXN0b3J5LWdhbGxlcnktNS5qcGciLCJzbGlkZXNob3ciOiJhZGIzMGZkIn0%3D\" href='https:\/\/saigoncosmetics.henrydaiit.com\/wp-content\/uploads\/2026\/01\/miss-saigon-heritage-story-gallery-5.jpg'><img decoding=\"async\" width=\"819\" height=\"1024\" src=\"https:\/\/saigoncosmetics.henrydaiit.com\/wp-content\/uploads\/2026\/01\/miss-saigon-heritage-story-gallery-5-819x1024.jpg\" class=\"attachment-large size-large\" alt=\"\" srcset=\"https:\/\/saigoncosmetics.henrydaiit.com\/wp-content\/uploads\/2026\/01\/miss-saigon-heritage-story-gallery-5-819x1024.jpg 819w, https:\/\/saigoncosmetics.henrydaiit.com\/wp-content\/uploads\/2026\/01\/miss-saigon-heritage-story-gallery-5-240x300.jpg 240w, https:\/\/saigoncosmetics.henrydaiit.com\/wp-content\/uploads\/2026\/01\/miss-saigon-heritage-story-gallery-5-768x960.jpg 768w, https:\/\/saigoncosmetics.henrydaiit.com\/wp-content\/uploads\/2026\/01\/miss-saigon-heritage-story-gallery-5-1229x1536.jpg 1229w, https:\/\/saigoncosmetics.henrydaiit.com\/wp-content\/uploads\/2026\/01\/miss-saigon-heritage-story-gallery-5-600x750.jpg 600w, https:\/\/saigoncosmetics.henrydaiit.com\/wp-content\/uploads\/2026\/01\/miss-saigon-heritage-story-gallery-5.jpg 1638w\" sizes=\"(max-width: 819px) 100vw, 819px\" \/><\/a>\n\t\t\t<\/dt><\/dl><dl class='gallery-item'>\n\t\t\t<dt class='gallery-icon portrait'>\n\t\t\t\t<a data-elementor-open-lightbox=\"yes\" data-elementor-lightbox-slideshow=\"adb30fd\" data-elementor-lightbox-title=\"miss-saigon-heritage-story-gallery-4\" data-e-action-hash=\"#elementor-action%3Aaction%3Dlightbox%26settings%3DeyJpZCI6NzkzNiwidXJsIjoiaHR0cHM6XC9cL3NhaWdvbmNvc21ldGljcy5oZW5yeWRhaWl0LmNvbVwvd3AtY29udGVudFwvdXBsb2Fkc1wvMjAyNlwvMDFcL21pc3Mtc2FpZ29uLWhlcml0YWdlLXN0b3J5LWdhbGxlcnktNC5qcGciLCJzbGlkZXNob3ciOiJhZGIzMGZkIn0%3D\" href='https:\/\/saigoncosmetics.henrydaiit.com\/wp-content\/uploads\/2026\/01\/miss-saigon-heritage-story-gallery-4.jpg'><img decoding=\"async\" width=\"819\" height=\"1024\" src=\"https:\/\/saigoncosmetics.henrydaiit.com\/wp-content\/uploads\/2026\/01\/miss-saigon-heritage-story-gallery-4-819x1024.jpg\" class=\"attachment-large size-large\" alt=\"\" srcset=\"https:\/\/saigoncosmetics.henrydaiit.com\/wp-content\/uploads\/2026\/01\/miss-saigon-heritage-story-gallery-4-819x1024.jpg 819w, https:\/\/saigoncosmetics.henrydaiit.com\/wp-content\/uploads\/2026\/01\/miss-saigon-heritage-story-gallery-4-240x300.jpg 240w, https:\/\/saigoncosmetics.henrydaiit.com\/wp-content\/uploads\/2026\/01\/miss-saigon-heritage-story-gallery-4-768x960.jpg 768w, https:\/\/saigoncosmetics.henrydaiit.com\/wp-content\/uploads\/2026\/01\/miss-saigon-heritage-story-gallery-4-1229x1536.jpg 1229w, https:\/\/saigoncosmetics.henrydaiit.com\/wp-content\/uploads\/2026\/01\/miss-saigon-heritage-story-gallery-4-600x750.jpg 600w, https:\/\/saigoncosmetics.henrydaiit.com\/wp-content\/uploads\/2026\/01\/miss-saigon-heritage-story-gallery-4.jpg 1638w\" sizes=\"(max-width: 819px) 100vw, 819px\" \/><\/a>\n\t\t\t<\/dt><\/dl><dl class='gallery-item'>\n\t\t\t<dt class='gallery-icon portrait'>\n\t\t\t\t<a data-elementor-open-lightbox=\"yes\" data-elementor-lightbox-slideshow=\"adb30fd\" data-elementor-lightbox-title=\"miss-saigon-heritage-story-gallery-3\" data-e-action-hash=\"#elementor-action%3Aaction%3Dlightbox%26settings%3DeyJpZCI6NzkzNSwidXJsIjoiaHR0cHM6XC9cL3NhaWdvbmNvc21ldGljcy5oZW5yeWRhaWl0LmNvbVwvd3AtY29udGVudFwvdXBsb2Fkc1wvMjAyNlwvMDFcL21pc3Mtc2FpZ29uLWhlcml0YWdlLXN0b3J5LWdhbGxlcnktMy5qcGciLCJzbGlkZXNob3ciOiJhZGIzMGZkIn0%3D\" href='https:\/\/saigoncosmetics.henrydaiit.com\/wp-content\/uploads\/2026\/01\/miss-saigon-heritage-story-gallery-3.jpg'><img loading=\"lazy\" decoding=\"async\" width=\"819\" height=\"1024\" src=\"https:\/\/saigoncosmetics.henrydaiit.com\/wp-content\/uploads\/2026\/01\/miss-saigon-heritage-story-gallery-3-819x1024.jpg\" class=\"attachment-large size-large\" alt=\"\" srcset=\"https:\/\/saigoncosmetics.henrydaiit.com\/wp-content\/uploads\/2026\/01\/miss-saigon-heritage-story-gallery-3-819x1024.jpg 819w, https:\/\/saigoncosmetics.henrydaiit.com\/wp-content\/uploads\/2026\/01\/miss-saigon-heritage-story-gallery-3-240x300.jpg 240w, https:\/\/saigoncosmetics.henrydaiit.com\/wp-content\/uploads\/2026\/01\/miss-saigon-heritage-story-gallery-3-768x960.jpg 768w, https:\/\/saigoncosmetics.henrydaiit.com\/wp-content\/uploads\/2026\/01\/miss-saigon-heritage-story-gallery-3-1229x1536.jpg 1229w, https:\/\/saigoncosmetics.henrydaiit.com\/wp-content\/uploads\/2026\/01\/miss-saigon-heritage-story-gallery-3-600x750.jpg 600w, https:\/\/saigoncosmetics.henrydaiit.com\/wp-content\/uploads\/2026\/01\/miss-saigon-heritage-story-gallery-3.jpg 1638w\" sizes=\"(max-width: 819px) 100vw, 819px\" \/><\/a>\n\t\t\t<\/dt><\/dl><dl class='gallery-item'>\n\t\t\t<dt class='gallery-icon portrait'>\n\t\t\t\t<a data-elementor-open-lightbox=\"yes\" data-elementor-lightbox-slideshow=\"adb30fd\" data-elementor-lightbox-title=\"miss-saigon-heritage-story-gallery-2\" data-e-action-hash=\"#elementor-action%3Aaction%3Dlightbox%26settings%3DeyJpZCI6NzkzNCwidXJsIjoiaHR0cHM6XC9cL3NhaWdvbmNvc21ldGljcy5oZW5yeWRhaWl0LmNvbVwvd3AtY29udGVudFwvdXBsb2Fkc1wvMjAyNlwvMDFcL21pc3Mtc2FpZ29uLWhlcml0YWdlLXN0b3J5LWdhbGxlcnktMi5qcGciLCJzbGlkZXNob3ciOiJhZGIzMGZkIn0%3D\" href='https:\/\/saigoncosmetics.henrydaiit.com\/wp-content\/uploads\/2026\/01\/miss-saigon-heritage-story-gallery-2.jpg'><img loading=\"lazy\" decoding=\"async\" width=\"819\" height=\"1024\" src=\"https:\/\/saigoncosmetics.henrydaiit.com\/wp-content\/uploads\/2026\/01\/miss-saigon-heritage-story-gallery-2-819x1024.jpg\" class=\"attachment-large size-large\" alt=\"\" srcset=\"https:\/\/saigoncosmetics.henrydaiit.com\/wp-content\/uploads\/2026\/01\/miss-saigon-heritage-story-gallery-2-819x1024.jpg 819w, https:\/\/saigoncosmetics.henrydaiit.com\/wp-content\/uploads\/2026\/01\/miss-saigon-heritage-story-gallery-2-240x300.jpg 240w, https:\/\/saigoncosmetics.henrydaiit.com\/wp-content\/uploads\/2026\/01\/miss-saigon-heritage-story-gallery-2-768x960.jpg 768w, https:\/\/saigoncosmetics.henrydaiit.com\/wp-content\/uploads\/2026\/01\/miss-saigon-heritage-story-gallery-2-1229x1536.jpg 1229w, https:\/\/saigoncosmetics.henrydaiit.com\/wp-content\/uploads\/2026\/01\/miss-saigon-heritage-story-gallery-2-600x750.jpg 600w, https:\/\/saigoncosmetics.henrydaiit.com\/wp-content\/uploads\/2026\/01\/miss-saigon-heritage-story-gallery-2.jpg 1638w\" sizes=\"(max-width: 819px) 100vw, 819px\" \/><\/a>\n\t\t\t<\/dt><\/dl><dl class='gallery-item'>\n\t\t\t<dt class='gallery-icon portrait'>\n\t\t\t\t<a data-elementor-open-lightbox=\"yes\" data-elementor-lightbox-slideshow=\"adb30fd\" data-elementor-lightbox-title=\"miss-saigon-heritage-story-gallery-1\" data-e-action-hash=\"#elementor-action%3Aaction%3Dlightbox%26settings%3DeyJpZCI6NzkzMiwidXJsIjoiaHR0cHM6XC9cL3NhaWdvbmNvc21ldGljcy5oZW5yeWRhaWl0LmNvbVwvd3AtY29udGVudFwvdXBsb2Fkc1wvMjAyNlwvMDFcL21pc3Mtc2FpZ29uLWhlcml0YWdlLXN0b3J5LWdhbGxlcnktMS1zY2FsZWQuanBnIiwic2xpZGVzaG93IjoiYWRiMzBmZCJ9\" href='https:\/\/saigoncosmetics.henrydaiit.com\/wp-content\/uploads\/2026\/01\/miss-saigon-heritage-story-gallery-1-scaled.jpg'><img loading=\"lazy\" decoding=\"async\" width=\"819\" height=\"1024\" src=\"https:\/\/saigoncosmetics.henrydaiit.com\/wp-content\/uploads\/2026\/01\/miss-saigon-heritage-story-gallery-1-819x1024.jpg\" class=\"attachment-large size-large\" alt=\"\" srcset=\"https:\/\/saigoncosmetics.henrydaiit.com\/wp-content\/uploads\/2026\/01\/miss-saigon-heritage-story-gallery-1-819x1024.jpg 819w, https:\/\/saigoncosmetics.henrydaiit.com\/wp-content\/uploads\/2026\/01\/miss-saigon-heritage-story-gallery-1-240x300.jpg 240w, https:\/\/saigoncosmetics.henrydaiit.com\/wp-content\/uploads\/2026\/01\/miss-saigon-heritage-story-gallery-1-768x960.jpg 768w, https:\/\/saigoncosmetics.henrydaiit.com\/wp-content\/uploads\/2026\/01\/miss-saigon-heritage-story-gallery-1-1228x1536.jpg 1228w, https:\/\/saigoncosmetics.henrydaiit.com\/wp-content\/uploads\/2026\/01\/miss-saigon-heritage-story-gallery-1-1638x2048.jpg 1638w, https:\/\/saigoncosmetics.henrydaiit.com\/wp-content\/uploads\/2026\/01\/miss-saigon-heritage-story-gallery-1-600x750.jpg 600w, https:\/\/saigoncosmetics.henrydaiit.com\/wp-content\/uploads\/2026\/01\/miss-saigon-heritage-story-gallery-1-scaled.jpg 2047w\" sizes=\"(max-width: 819px) 100vw, 819px\" \/><\/a>\n\t\t\t<\/dt><\/dl><br style=\"clear: both\" \/>\n\t\t<\/div>\n\t\t<\/div>\n\t\t\t\t\t\t<\/div>\n\t\t\t\t<\/div>\n\t\t\t\t<\/div>","protected":false},"excerpt":{"rendered":"<p>THE STORY OF MISS SAIGON A fragrance born from memory, culture, and quiet strength. Miss Saigon Heritage is not just a scent. It is a remembrance. Inspired by the elegance of Vietnamese women across generations, this fragrance captures the soul of Saigon\u2014where softness and resilience coexist, where tradition flows effortlessly into modern life. She is [&hellip;]<\/p>\n","protected":false},"author":1,"featured_media":0,"parent":0,"menu_order":0,"comment_status":"closed","ping_status":"closed","template":"page-full-width.php","meta":{"footnotes":""},"class_list":["post-7905","page","type-page","status-publish","hentry"],"_links":{"self":[{"href":"https:\/\/saigoncosmetics.henrydaiit.com\/vi\/wp-json\/wp\/v2\/pages\/7905","targetHints":{"allow":["GET"]}}],"collection":[{"href":"https:\/\/saigoncosmetics.henrydaiit.com\/vi\/wp-json\/wp\/v2\/pages"}],"about":[{"href":"https:\/\/saigoncosmetics.henrydaiit.com\/vi\/wp-json\/wp\/v2\/types\/page"}],"author":[{"embeddable":true,"href":"https:\/\/saigoncosmetics.henrydaiit.com\/vi\/wp-json\/wp\/v2\/users\/1"}],"replies":[{"embeddable":true,"href":"https:\/\/saigoncosmetics.henrydaiit.com\/vi\/wp-json\/wp\/v2\/comments?post=7905"}],"version-history":[{"count":100,"href":"https:\/\/saigoncosmetics.henrydaiit.com\/vi\/wp-json\/wp\/v2\/pages\/7905\/revisions"}],"predecessor-version":[{"id":8233,"href":"https:\/\/saigoncosmetics.henrydaiit.com\/vi\/wp-json\/wp\/v2\/pages\/7905\/revisions\/8233"}],"wp:attachment":[{"href":"https:\/\/saigoncosmetics.henrydaiit.com\/vi\/wp-json\/wp\/v2\/media?parent=7905"}],"curies":[{"name":"wp","href":"https:\/\/api.w.org\/{rel}","templated":true}]}}